{"id":33,"date":"2021-09-23T03:28:10","date_gmt":"2021-09-23T03:28:10","guid":{"rendered":"https:\/\/demo.casethemes.net\/itfirm\/?page_id=33"},"modified":"2026-03-25T21:21:09","modified_gmt":"2026-03-25T21:21:09","slug":"uber-uns","status":"publish","type":"page","link":"https:\/\/www.softnexx.de\/en\/uber-uns\/","title":{"rendered":"About Us"},"content":{"rendered":"<div data-elementor-type=\"wp-page\" data-elementor-id=\"33\" class=\"elementor elementor-33\">\n\t\t\t\t        <section class=\"elementor-section elementor-top-section elementor-element elementor-element-5099d28 elementor-section-boxed elementor-section-height-default elementor-section-height-default ct-header-fixed-none ct-column-none ct-row-scroll-none ct-row-gradient--none\" data-id=\"5099d28\" data-element_type=\"section\" data-e-type=\"section\">\n            \n                        <div class=\"elementor-container elementor-column-gap-extended\">\n                    <div class=\"elementor-column elementor-col-50 elementor-top-column elementor-element elementor-element-3cf6c49 ct-column-none col-offset-none col-color-offset-none\" data-id=\"3cf6c49\" data-element_type=\"column\" data-e-type=\"column\">\n        <div class=\"elementor-widget-wrap elementor-element-populated\">\n                    \n        \t\t<div class=\"elementor-element elementor-element-461d76b4 elementor-widget elementor-widget-ct_heading\" data-id=\"461d76b4\" data-element_type=\"widget\" data-e-type=\"widget\" data-widget_type=\"ct_heading.default\">\n\t\t\t\t<div class=\"elementor-widget-container\">\n\t\t\t\t\t<div id=\"ct_heading-461d76b4\" class=\"ct-heading h-align- item-st-default highlight-style1\">\r\n  <div class=\"ct-heading--inner\"> \r\n    <div class=\"ct-inline-css\"  data-css=\"                                \">\r\n    <\/div>\r\n      <div class=\"item--text-below\">\r\n      <div class=\"ct-inline-css\"  data-css=\"        \">\r\n      <\/div>\r\n          <\/div>\r\n  \r\n\t\t\t<div class=\"item--sub-title style-icon-right\" data-wow-delay=\"ms\">\r\n                        <span>\r\n                About Us            <\/span>\r\n                            <svg class=\"svg-right\" xmlns=\"http:\/\/www.w3.org\/2000\/svg\" xmlns:xlink=\"http:\/\/www.w3.org\/1999\/xlink\" width=\"33\" height=\"21\" viewbox=\"0 0 33 21\">\r\n                  <defs>\r\n                    <style>\r\n                      .h-cls-1, .h-cls-2 {\r\n                        fill: none;\r\n                        stroke-width: 3px;\r\n                        fill-rule: evenodd;\r\n                      }\r\n\r\n                      .h-cls-1 {\r\n                        filter: url(#filter);\r\n                      }\r\n\r\n                      .h-cls-2 {\r\n                        filter: url(#filter-2);\r\n                      }\r\n                    <\/style>\r\n                    <filter id=\"right-h-filterct_heading-461d76b4\" x=\"-0.125\" y=\"-0.094\" width=\"32.406\" height=\"12\" filterunits=\"userSpaceOnUse\">\r\n                      <feflood result=\"flood\"\/>\r\n                      <fecomposite result=\"composite\" operator=\"in\" in2=\"SourceGraphic\"\/>\r\n                      <feblend result=\"blend\" in2=\"SourceGraphic\"\/>\r\n                    <\/filter>\r\n                    <filter id=\"right-h-filter-2ct_heading-461d76b4\" x=\"-10\" y=\"14.594\" width=\"29.656\" height=\"6.406\" filterunits=\"userSpaceOnUse\">\r\n                      <feflood result=\"flood\"\/>\r\n                      <fecomposite result=\"composite\" operator=\"in\" in2=\"SourceGraphic\"\/>\r\n                      <feblend result=\"blend\" in2=\"SourceGraphic\"\/>\r\n                    <\/filter>\r\n\r\n                    <lineargradient id=\"right-h-grad1ct_heading-461d76b4\" x1=\"0%\" y1=\"0%\" x2=\"100%\" y2=\"0%\">\r\n                      <stop offset=\"0%\" style=\"stop-color:#0273cf;stop-opacity:1\" \/>\r\n                      <stop offset=\"100%\" style=\"stop-color:#3ea63d;stop-opacity:1\" \/>\r\n                    <\/lineargradient>\r\n\r\n                  <\/defs>\r\n                  <g>\r\n                    <g style=\"fill: none; filter: url(#right-h-filterct_heading-461d76b4)\">\r\n                      <path id=\"right-h-pathct_heading-461d76b4\" class=\"h-cls-1\" d=\"M-0.117,8.9H27.036s5.078-3.073,0-6.517\" style=\"stroke: inherit; filter: none;\"\/>\r\n                    <\/g>\r\n                    <use xlink:href=\"#right-h-pathct_heading-461d76b4\" style=\"stroke: url(#right-h-grad1ct_heading-461d76b4); filter: none; fill: none\"\/>\r\n                    <g style=\"fill: none; filter: url(#right-h-filter-2ct_heading-461d76b4)\">\r\n                      <path id=\"right-h-bgct_heading-461d76b4\" class=\"h-cls-2\" d=\"M-9.991,14.594H17.352s5.114,3.027,0,6.422\" style=\"stroke: inherit; filter: none;\"\/>\r\n                    <\/g>\r\n                    <use xlink:href=\"#right-h-bgct_heading-461d76b4\" style=\"stroke: url(#right-h-grad1ct_heading-461d76b4); filter: none; fill: none\"\/>\r\n                  <\/g>\r\n                <\/svg>\r\n                    <\/div>\r\n\t    <h3 class=\"item--title st-default\" data-wow-delay=\"ms\">\r\n        <span class=\"ct-text-inner\">        <cite class=\"ct-text-highlight\">\r\n            Your Partner        <\/cite>\r\n         For IT security \u2013 competent, reliable, European.<\/span>    <\/h3>\r\n  <\/div>\r\n<\/div>\r\n\t\t\t\t<\/div>\n\t\t\t\t<\/div>\n\t\t\t\t<div class=\"elementor-element elementor-element-6ce4e8d elementor-widget elementor-widget-ct_text_editor\" data-id=\"6ce4e8d\" data-element_type=\"widget\" data-e-type=\"widget\" data-widget_type=\"ct_text_editor.default\">\n\t\t\t\t<div class=\"elementor-widget-container\">\n\t\t\t\t\t<div id=\"ct_text_editor-6ce4e8d\" class=\"ct-text-editor\" data-wow-delay=\"ms\">\n\t<div class=\"ct-item--inner\">\n\t\t<div class=\"ct-inline-css\"  data-css=\"\t        \t\t\t\">\n\n\t    <\/div>\n\t\t<div class=\"ct-text-editor elementor-clearfix\">\n\t\t\t<p>As a specialised IT security systems integrator, we support medium-sized and large organisations with tailored security solutions. Our approach focuses on protecting your digital infrastructure through a holistic strategy that goes far beyond simply supplying products.<\/p>\t\t\n\t\t<\/div>\n\t<\/div>\n<\/div>\t\t\t\t<\/div>\n\t\t\t\t<\/div>\n\t\t            <\/div>\n        <\/div>\n                <div class=\"elementor-column elementor-col-50 elementor-top-column elementor-element elementor-element-244f4bd ct-column-none col-offset-none col-color-offset-none\" data-id=\"244f4bd\" data-element_type=\"column\" data-e-type=\"column\">\n        <div class=\"elementor-widget-wrap elementor-element-populated\">\n                    \n        \t\t<div class=\"elementor-element elementor-element-9977bd5 elementor-widget elementor-widget-ct_banner\" data-id=\"9977bd5\" data-element_type=\"widget\" data-e-type=\"widget\" data-widget_type=\"ct_banner.default\">\n\t\t\t\t<div class=\"elementor-widget-container\">\n\t\t\t\t\t\t<div class=\"ct-banner ct-banner1\" data-wow-delay=\"3000msms\">\r\n\t\t<div class=\"ct-banner-inner\">\r\n\t\t\t<div class=\"ct-banner-image\">\r\n\t\t\t\t<img fetchpriority=\"high\" decoding=\"async\" class=\"\" src=\"https:\/\/www.softnexx.de\/wp-content\/uploads\/2026\/03\/about-2-800x530.png\" width=\"800\" height=\"530\" alt=\"about 2\" title=\"about 2\" \/>\t\t\t\t\t\t\t\t\t<div class=\"ct-banner-counter\">\r\n\t\t\t\t\t\t<div class=\"ct-counter-inner\">\r\n\t\t\t\t\t\t\t<div class=\"ct-counter-number-value\" data-duration=\"2000\" data-to-value=\"10\" data-delimiter=\"\"><\/div>\r\n\t\t\t\t\t\t\t<div class=\"ct-counter-title el-empty\">Years of Experience<\/div>\r\n\t\t\t\t\t\t<\/div>\r\n\t\t\t\t\t<\/div>\r\n\t\t\t\t\t\t\t<\/div>\r\n\t\t\t<div class=\"ct-banner-holder\">\r\n\t\t\t\t\t\t\t\t\t<div class=\"item--icon el-empty\">\r\n\t\t\t\t\t\t<i aria-hidden=\"true\" class=\"flaticon flaticon-best-seller\"><\/i>\t\t\t\t\t<\/div>\r\n\t\t\t\t\t\t\t\t<div class=\"ct-banner-meta\">\r\n\t\t\t\t\t<h5 class=\"item--title el-empty\">Our Mission<\/h5>\r\n\t\t\t\t\t<div class=\"item--desc el-empty\">IT security is no longer optional\u2014it is a fundamental requirement in an increasingly\nconnected world. We focus on delivering sustainable solutions, personalised support,\nand the highest standards of quality to help organisations protect their digital\nenvironments with confidence.<\/div>\r\n\t\t\t\t<\/div>\r\n\t\t\t<\/div>\r\n\r\n\t\t<\/div>\r\n\t<\/div>\r\n\t\t\t\t<\/div>\n\t\t\t\t<\/div>\n\t\t            <\/div>\n        <\/div>\n                    <\/div>\n        <\/section>\n                <section class=\"elementor-section elementor-top-section elementor-element elementor-element-4f80b19 elementor-section-boxed elementor-section-height-default elementor-section-height-default ct-header-fixed-none ct-column-none ct-row-scroll-none ct-row-gradient--none\" data-id=\"4f80b19\" data-element_type=\"section\" data-e-type=\"section\">\n            \n                        <div class=\"elementor-container elementor-column-gap-extended\">\n                    <div class=\"elementor-column elementor-col-100 elementor-top-column elementor-element elementor-element-48f65f0 ct-column-none col-offset-none col-color-offset-none\" data-id=\"48f65f0\" data-element_type=\"column\" data-e-type=\"column\">\n        <div class=\"elementor-widget-wrap elementor-element-populated\">\n                    \n        \t\t<div class=\"elementor-element elementor-element-92457bb elementor-widget elementor-widget-ct_tabs\" data-id=\"92457bb\" data-element_type=\"widget\" data-e-type=\"widget\" data-widget_type=\"ct_tabs.default\">\n\t\t\t\t<div class=\"elementor-widget-container\">\n\t\t\t\t\t<div class=\"ct-tabs ct-tabs1  content-type-text_editor\" data-wow-delay=\"ms\">\n    <div class=\"ct-tabs--main\">\n        <div class=\"ct-tabs-title\">\n                            <span class=\"ct-tab-title active\" data-target=\"#ct_tabs-92457bb-e40f566\">\n                                                            Strong Partnerships        \n                <\/span>\n                            <span class=\"ct-tab-title\" data-target=\"#ct_tabs-92457bb-3082b60\">\n                                                            Tailored Consultancy        \n                <\/span>\n                            <span class=\"ct-tab-title\" data-target=\"#ct_tabs-92457bb-7311b88\">\n                                                            End-to-End Service        \n                <\/span>\n                            <span class=\"ct-tab-title\" data-target=\"#ct_tabs-92457bb-5bdd87e\">\n                                                            Long-Term Support        \n                <\/span>\n                    <\/div>\n\n        <div class=\"ct-tabs-content\">\n                            <div class=\"ct-tab-content\" id=\"ct_tabs-92457bb-e40f566\" style=\"display:block;\"><p>We collaborate closely with leading European IT security vendors. These strategic partnerships enable us to deliver innovative, GDPR-compliant security solutions that are developed and hosted within Europe.<\/p><\/div>\n                            <div class=\"ct-tab-content\" id=\"ct_tabs-92457bb-3082b60\"><p>Your IT security is our priority. We carefully assess your IT environment and recommend solutions that are transparent, practical, and perfectly aligned with your organisation\u2019s needs.<\/p><\/div>\n                            <div class=\"ct-tab-content\" id=\"ct_tabs-92457bb-7311b88\"><p>From licence advice and procurement through to installation, configuration and staff training , we support you at every stage of implementation.<\/p><\/div>\n                            <div class=\"ct-tab-content\" id=\"ct_tabs-92457bb-5bdd87e\"><p>Our commitment does not end after deployment. We remain at your side with responsive technical support and ongoing guidance to ensure your IT security stays current and effective.<\/p><\/div>\n                    <\/div>\n    <\/div>\n<\/div>\t\t\t\t<\/div>\n\t\t\t\t<\/div>\n\t\t            <\/div>\n        <\/div>\n                    <\/div>\n        <\/section>\n        \t\t<\/div>","protected":false},"excerpt":{"rendered":"<p>\u00dcber Uns &nbsp; Ihr Partner f\u00fcr IT-Security \u2013 kompetent, zuverl\u00e4ssig, europ\u00e4isch. Als spezialisiertes IT-Security-Systemhaus betreuen wir mittelst\u00e4ndische und gro\u00dfe Unternehmen mit ma\u00dfgeschneiderten Sicherheitsl\u00f6sungen. Unser Fokus liegt auf dem Schutz Ihrer digitalen Infrastruktur \u2013 mit einem ganzheitlichen Ansatz, der weit \u00fcber den reinen Produktverkauf hinausgeht. Jahrelange Erfahrung Unsere Mission Die IT-Sicherheit ist kein Luxus, sondern eine [&hellip;]<\/p>\n","protected":false},"author":1,"featured_media":0,"parent":0,"menu_order":0,"comment_status":"closed","ping_status":"closed","template":"","meta":{"footnotes":""},"class_list":["post-33","page","type-page","status-publish","hentry"],"_links":{"self":[{"href":"https:\/\/www.softnexx.de\/en\/wp-json\/wp\/v2\/pages\/33","targetHints":{"allow":["GET"]}}],"collection":[{"href":"https:\/\/www.softnexx.de\/en\/wp-json\/wp\/v2\/pages"}],"about":[{"href":"https:\/\/www.softnexx.de\/en\/wp-json\/wp\/v2\/types\/page"}],"author":[{"embeddable":true,"href":"https:\/\/www.softnexx.de\/en\/wp-json\/wp\/v2\/users\/1"}],"replies":[{"embeddable":true,"href":"https:\/\/www.softnexx.de\/en\/wp-json\/wp\/v2\/comments?post=33"}],"version-history":[{"count":30,"href":"https:\/\/www.softnexx.de\/en\/wp-json\/wp\/v2\/pages\/33\/revisions"}],"predecessor-version":[{"id":10439,"href":"https:\/\/www.softnexx.de\/en\/wp-json\/wp\/v2\/pages\/33\/revisions\/10439"}],"wp:attachment":[{"href":"https:\/\/www.softnexx.de\/en\/wp-json\/wp\/v2\/media?parent=33"}],"curies":[{"name":"wp","href":"https:\/\/api.w.org\/{rel}","templated":true}]}}