{"id":10005,"date":"2025-12-24T19:17:38","date_gmt":"2025-12-24T19:17:38","guid":{"rendered":"https:\/\/softnexx.de\/?page_id=10005"},"modified":"2026-03-30T07:48:08","modified_gmt":"2026-03-30T07:48:08","slug":"impressum","status":"publish","type":"page","link":"https:\/\/www.softnexx.de\/en\/impressum\/","title":{"rendered":"Imprint"},"content":{"rendered":"<div data-elementor-type=\"wp-page\" data-elementor-id=\"10005\" class=\"elementor elementor-10005\">\n\t\t\t\t<div class=\"elementor-element elementor-element-6d70533 e-flex e-con-boxed e-con e-parent\" data-id=\"6d70533\" data-element_type=\"container\" data-e-type=\"container\">\n\t\t\t\t\t<div class=\"e-con-inner\">\n\t\t<div class=\"elementor-element elementor-element-535498f e-con-full e-flex e-con e-child\" data-id=\"535498f\" data-element_type=\"container\" data-e-type=\"container\">\n\t\t\t\t<div class=\"elementor-element elementor-element-5b4226d elementor-widget elementor-widget-text-editor\" data-id=\"5b4226d\" data-element_type=\"widget\" data-e-type=\"widget\" data-widget_type=\"text-editor.default\">\n\t\t\t\t\t\t\t\t\t<p><strong>Softnexx Impressum Englisch<\/strong><\/p>\t\t\t\t\t\t\t\t<\/div>\n\t\t\t\t<\/div>\n\t\t\t\t\t<\/div>\n\t\t\t\t<\/div>\n\t\t<div class=\"elementor-element elementor-element-a99e02d e-flex e-con-boxed e-con e-parent\" data-id=\"a99e02d\" data-element_type=\"container\" data-e-type=\"container\">\n\t\t\t\t\t<div class=\"e-con-inner\">\n\t\t<div class=\"elementor-element elementor-element-dd48a63 e-con-full e-flex e-con e-child\" data-id=\"dd48a63\" data-element_type=\"container\" data-e-type=\"container\">\n\t\t\t\t<div class=\"elementor-element elementor-element-1755d8c elementor-widget elementor-widget-text-editor\" data-id=\"1755d8c\" data-element_type=\"widget\" data-e-type=\"widget\" data-widget_type=\"text-editor.default\">\n\t\t\t\t\t\t\t\t\t<p><strong>Softnexx GmbH<\/strong><br \/>Pappelallee 78\/79<br \/>10437 Berlin<\/p>\t\t\t\t\t\t\t\t<\/div>\n\t\t\t\t<\/div>\n\t\t<div class=\"elementor-element elementor-element-ca52d80 e-con-full e-flex e-con e-child\" data-id=\"ca52d80\" data-element_type=\"container\" data-e-type=\"container\">\n\t\t\t\t<div class=\"elementor-element elementor-element-74792d5 elementor-widget elementor-widget-text-editor\" data-id=\"74792d5\" data-element_type=\"widget\" data-e-type=\"widget\" data-widget_type=\"text-editor.default\">\n\t\t\t\t\t\t\t\t\t<p><strong>Responsible Representatives:<br \/><\/strong>Bajram Doga<br \/>Khaled Nabhan Jebrini<\/p>\t\t\t\t\t\t\t\t<\/div>\n\t\t\t\t<\/div>\n\t\t<div class=\"elementor-element elementor-element-7a68998 e-con-full e-flex e-con e-child\" data-id=\"7a68998\" data-element_type=\"container\" data-e-type=\"container\">\n\t\t\t\t<div class=\"elementor-element elementor-element-8c95630 elementor-widget elementor-widget-text-editor\" data-id=\"8c95630\" data-element_type=\"widget\" data-e-type=\"widget\" data-widget_type=\"text-editor.default\">\n\t\t\t\t\t\t\t\t\t<p><strong>Contact<br \/><\/strong>Phone:\u00a0<a href=\"tel:+49 309 210 889 60\">+49 (0) 30 9210 889 60<\/a><br \/>Email:\u00a0<a href=\"mailto:info@softnexx.de\">info@softnexx.de<\/a><\/p>\t\t\t\t\t\t\t\t<\/div>\n\t\t\t\t<\/div>\n\t\t\t\t\t<\/div>\n\t\t\t\t<\/div>\n\t\t<div class=\"elementor-element elementor-element-da40c84 e-flex e-con-boxed e-con e-parent\" data-id=\"da40c84\" data-element_type=\"container\" data-e-type=\"container\">\n\t\t\t\t\t<div class=\"e-con-inner\">\n\t\t<div class=\"elementor-element elementor-element-f75c2b9 e-con-full e-flex e-con e-child\" data-id=\"f75c2b9\" data-element_type=\"container\" data-e-type=\"container\">\n\t\t\t\t<div class=\"elementor-element elementor-element-f6a2bbb elementor-widget elementor-widget-text-editor\" data-id=\"f6a2bbb\" data-element_type=\"widget\" data-e-type=\"widget\" data-widget_type=\"text-editor.default\">\n\t\t\t\t\t\t\t\t\t<p><strong>Sources for Images and Graphics:<br \/><\/strong>Unless otherwise indicated, all images and graphics used on this website were created with the help of artificial intelligence.<\/p>\t\t\t\t\t\t\t\t<\/div>\n\t\t\t\t<div class=\"elementor-element elementor-element-bbde408 elementor-widget elementor-widget-text-editor\" data-id=\"bbde408\" data-element_type=\"widget\" data-e-type=\"widget\" data-widget_type=\"text-editor.default\">\n\t\t\t\t\t\t\t\t\t<p><strong>Liability for Content<\/strong><br \/>As a service provider, we are responsible for our own content on these pages in accordance with Section 7 (1) TMG and general legislation. However, pursuant to Sections 8 to 10 TMG, we are not obligated to permanently monitor transmitted or stored external information or to actively investigate circumstances indicating illegal activity.<\/p><p>Obligations to remove or block the use of information under general legislation remain unaffected. Any liability in this regard, however, shall only apply from the moment we become aware of a specific legal infringement. Should we become aware of such violations, we will remove the affected content immediately.<\/p>\t\t\t\t\t\t\t\t<\/div>\n\t\t\t\t<div class=\"elementor-element elementor-element-fef204e elementor-widget elementor-widget-text-editor\" data-id=\"fef204e\" data-element_type=\"widget\" data-e-type=\"widget\" data-widget_type=\"text-editor.default\">\n\t\t\t\t\t\t\t\t\t<p><strong>Liability for External Links:<\/strong><br \/>Our website contains links to external third-party websites. We have no influence over the content of these websites and therefore cannot assume any liability for such external content. The respective provider or operator of the linked pages is always responsible for their content.<\/p><p>At the time of linking, we reviewed the external pages for possible legal infringements and found no unlawful content. Continuous monitoring of the linked pages, however, is not reasonable without concrete evidence of a legal violation.<\/p><p>If we become aware of any infringements, we will remove the respective links without delay.<\/p>\t\t\t\t\t\t\t\t<\/div>\n\t\t\t\t<div class=\"elementor-element elementor-element-c5a4102 elementor-widget elementor-widget-text-editor\" data-id=\"c5a4102\" data-element_type=\"widget\" data-e-type=\"widget\" data-widget_type=\"text-editor.default\">\n\t\t\t\t\t\t\t\t\t<strong>Copyright:\n<br><\/strong>The content and works published on this website are subject to German copyright law. Any use outside the limits of copyright law\u2014particularly reproduction, editing, distribution, or any form of exploitation\u2014requires the prior written consent of the respective author or creator.\n<br><br>\nDownloads and copies of this website are permitted solely for private, non-commercial use.\n<br><br>\nWhere content on this website was not created by the website operator, the copyrights of third parties are respected and such content is appropriately marked. Should you nevertheless notice a copyright infringement, we kindly ask you to inform us. Upon becoming aware of such violations, we will remove the affected content promptly.\t\t\t\t\t\t\t\t<\/div>\n\t\t\t\t<\/div>\n\t\t\t\t\t<\/div>\n\t\t\t\t<\/div>\n\t\t\t\t<\/div>","protected":false},"excerpt":{"rendered":"<p>Angaben gem\u00e4\u00df \u00a7 5 TMG: Softnexx GmbHPappelallee 78\/7910437 Berlin Verantwortlich:Bajram DogaKhaled Nabhan Jebrini Kontakt:Telefon:\u00a0+49 (0) 30 9210 889 60Email:\u00a0info@softnexx.de Quellen f\u00fcr die verwendeten Bilder und Grafiken:Sofern nicht anders gekennzeichnet, wurden alle auf dieser Website verwendeten Bilder und Grafiken mithilfe k\u00fcnstlicher Intelligenz erstellt. Haftung f\u00fcr InhalteAls Diensteanbieter sind wir gem\u00e4\u00df \u00a7 7 Abs. 1 TMG f\u00fcr [&hellip;]<\/p>\n","protected":false},"author":1,"featured_media":0,"parent":0,"menu_order":0,"comment_status":"closed","ping_status":"closed","template":"","meta":{"footnotes":""},"class_list":["post-10005","page","type-page","status-publish","hentry"],"_links":{"self":[{"href":"https:\/\/www.softnexx.de\/en\/wp-json\/wp\/v2\/pages\/10005","targetHints":{"allow":["GET"]}}],"collection":[{"href":"https:\/\/www.softnexx.de\/en\/wp-json\/wp\/v2\/pages"}],"about":[{"href":"https:\/\/www.softnexx.de\/en\/wp-json\/wp\/v2\/types\/page"}],"author":[{"embeddable":true,"href":"https:\/\/www.softnexx.de\/en\/wp-json\/wp\/v2\/users\/1"}],"replies":[{"embeddable":true,"href":"https:\/\/www.softnexx.de\/en\/wp-json\/wp\/v2\/comments?post=10005"}],"version-history":[{"count":14,"href":"https:\/\/www.softnexx.de\/en\/wp-json\/wp\/v2\/pages\/10005\/revisions"}],"predecessor-version":[{"id":10451,"href":"https:\/\/www.softnexx.de\/en\/wp-json\/wp\/v2\/pages\/10005\/revisions\/10451"}],"wp:attachment":[{"href":"https:\/\/www.softnexx.de\/en\/wp-json\/wp\/v2\/media?parent=10005"}],"curies":[{"name":"wp","href":"https:\/\/api.w.org\/{rel}","templated":true}]}}